{"id":68,"date":"2017-01-24T13:09:52","date_gmt":"2017-01-24T12:09:52","guid":{"rendered":"http:\/\/menuiseriepolymetric.com\/autres\/"},"modified":"2019-10-17T16:30:16","modified_gmt":"2019-10-17T14:30:16","slug":"autres","status":"publish","type":"page","link":"http:\/\/menuiseriepolymetric.com\/?page_id=68","title":{"rendered":"autres"},"content":{"rendered":"\n<h5><strong>Am\u00e9nagement d&rsquo;un es<\/strong><strong>pace de bien-\u00eatre &#8211; sauna &#8211; jacuzzi<\/strong><\/h5>\n\n\n<div class=\"foogallery foogallery-container foogallery-justified foogallery-lightbox-foobox fg-justified fg-light fg-shadow-outline fg-loading-default fg-loaded-fade-in fg-caption-hover fg-hover-fade fg-hover-zoom fg-ready\" id=\"foogallery-gallery-1281\" data-foogallery=\"{&quot;item&quot;:{&quot;showCaptionTitle&quot;:true,&quot;showCaptionDescription&quot;:true},&quot;lazy&quot;:true,&quot;src&quot;:&quot;data-src-fg&quot;,&quot;srcset&quot;:&quot;data-srcset-fg&quot;,&quot;template&quot;:{&quot;rowHeight&quot;:150,&quot;maxRowHeight&quot;:&quot;200%&quot;,&quot;margins&quot;:1,&quot;lastRow&quot;:&quot;center&quot;}}\" data-fg-common-fields=\"1\" >\r\n\t<div class=\"fg-item\"><figure class=\"fg-item-inner\"><a href=\"http:\/\/menuiseriepolymetric.com\/wp-content\/uploads\/gallery\/Am\u00e9nagements ext\u00e9rieurs - terrasses\/AET1 - sauna\/Polymetric-web-252.jpg\" data-attachment-id=\"1155\" class=\"fg-thumb\"><span class=\"fg-image-wrap\"><img height=\"250\" width=\"375\" data-src-fg=\"http:\/\/menuiseriepolymetric.com\/wp-content\/uploads\/cache\/gallery\/Am\u00e9nagements ext\u00e9rieurs - terrasses\/AET1 - sauna\/Polymetric-web-252\/973662490.jpg\" class=\"fg-image\" \/><\/span><\/a><figcaption class=\"fg-caption\"><div class=\"fg-caption-inner\"><\/div><\/figcaption><\/figure><div class=\"fg-loader\"><\/div><\/div><div class=\"fg-item\"><figure class=\"fg-item-inner\"><a href=\"http:\/\/menuiseriepolymetric.com\/wp-content\/uploads\/gallery\/Am\u00e9nagements ext\u00e9rieurs - terrasses\/AET1 - sauna\/Polymetric-web-253.jpg\" data-attachment-id=\"1154\" class=\"fg-thumb\"><span class=\"fg-image-wrap\"><img height=\"250\" width=\"375\" data-src-fg=\"http:\/\/menuiseriepolymetric.com\/wp-content\/uploads\/cache\/gallery\/Am\u00e9nagements ext\u00e9rieurs - terrasses\/AET1 - sauna\/Polymetric-web-253\/-1131785017.jpg\" class=\"fg-image\" \/><\/span><\/a><figcaption class=\"fg-caption\"><div class=\"fg-caption-inner\"><\/div><\/figcaption><\/figure><div class=\"fg-loader\"><\/div><\/div><div class=\"fg-item\"><figure class=\"fg-item-inner\"><a href=\"http:\/\/menuiseriepolymetric.com\/wp-content\/uploads\/gallery\/Am\u00e9nagements ext\u00e9rieurs - terrasses\/AET1 - sauna\/Polymetric-web-250.jpg\" data-attachment-id=\"1157\" class=\"fg-thumb\"><span class=\"fg-image-wrap\"><img height=\"250\" width=\"167\" data-src-fg=\"http:\/\/menuiseriepolymetric.com\/wp-content\/uploads\/cache\/gallery\/Am\u00e9nagements ext\u00e9rieurs - terrasses\/AET1 - sauna\/Polymetric-web-250\/-327379743.jpg\" class=\"fg-image\" \/><\/span><\/a><figcaption class=\"fg-caption\"><div class=\"fg-caption-inner\"><\/div><\/figcaption><\/figure><div class=\"fg-loader\"><\/div><\/div><div class=\"fg-item\"><figure class=\"fg-item-inner\"><a href=\"http:\/\/menuiseriepolymetric.com\/wp-content\/uploads\/gallery\/Am\u00e9nagements ext\u00e9rieurs - terrasses\/AET1 - sauna\/Polymetric-web-248.jpg\" data-attachment-id=\"1159\" class=\"fg-thumb\"><span class=\"fg-image-wrap\"><img height=\"250\" width=\"375\" data-src-fg=\"http:\/\/menuiseriepolymetric.com\/wp-content\/uploads\/cache\/gallery\/Am\u00e9nagements ext\u00e9rieurs - terrasses\/AET1 - sauna\/Polymetric-web-248\/1941369351.jpg\" class=\"fg-image\" \/><\/span><\/a><figcaption class=\"fg-caption\"><div class=\"fg-caption-inner\"><\/div><\/figcaption><\/figure><div class=\"fg-loader\"><\/div><\/div><div class=\"fg-item\"><figure class=\"fg-item-inner\"><a href=\"http:\/\/menuiseriepolymetric.com\/wp-content\/uploads\/gallery\/Am\u00e9nagements ext\u00e9rieurs - terrasses\/AET1 - sauna\/Polymetric-web-246.jpg\" data-attachment-id=\"1161\" class=\"fg-thumb\"><span class=\"fg-image-wrap\"><img height=\"250\" width=\"167\" data-src-fg=\"http:\/\/menuiseriepolymetric.com\/wp-content\/uploads\/cache\/gallery\/Am\u00e9nagements ext\u00e9rieurs - terrasses\/AET1 - sauna\/Polymetric-web-246\/-1321578730.jpg\" class=\"fg-image\" \/><\/span><\/a><figcaption class=\"fg-caption\"><div class=\"fg-caption-inner\"><\/div><\/figcaption><\/figure><div class=\"fg-loader\"><\/div><\/div><div class=\"fg-item\"><figure class=\"fg-item-inner\"><a href=\"http:\/\/menuiseriepolymetric.com\/wp-content\/uploads\/gallery\/Am\u00e9nagements ext\u00e9rieurs - terrasses\/AET1 - sauna\/Polymetric-web-247.jpg\" data-attachment-id=\"1160\" class=\"fg-thumb\"><span class=\"fg-image-wrap\"><img height=\"250\" width=\"181\" data-src-fg=\"http:\/\/menuiseriepolymetric.com\/wp-content\/uploads\/cache\/gallery\/Am\u00e9nagements ext\u00e9rieurs - terrasses\/AET1 - sauna\/Polymetric-web-247\/934867659.jpg\" class=\"fg-image\" \/><\/span><\/a><figcaption class=\"fg-caption\"><div class=\"fg-caption-inner\"><\/div><\/figcaption><\/figure><div class=\"fg-loader\"><\/div><\/div><\/div>\r\n\n\n\n\n<h5><\/h5>\n\n\n\n<p><strong>Cath\u00e9drale de Li\u00e8ge<\/strong><\/p>\n\n\n<div class=\"foogallery foogallery-container foogallery-justified foogallery-lightbox-foobox fg-justified fg-light fg-shadow-outline fg-loading-default fg-loaded-fade-in fg-caption-hover fg-hover-fade fg-hover-zoom fg-ready\" id=\"foogallery-gallery-1271\" data-foogallery=\"{&quot;item&quot;:{&quot;showCaptionTitle&quot;:true,&quot;showCaptionDescription&quot;:true},&quot;lazy&quot;:true,&quot;src&quot;:&quot;data-src-fg&quot;,&quot;srcset&quot;:&quot;data-srcset-fg&quot;,&quot;template&quot;:{&quot;rowHeight&quot;:150,&quot;maxRowHeight&quot;:&quot;200%&quot;,&quot;margins&quot;:1,&quot;lastRow&quot;:&quot;center&quot;}}\" data-fg-common-fields=\"1\" >\r\n\t<div class=\"fg-item\"><figure class=\"fg-item-inner\"><a href=\"http:\/\/menuiseriepolymetric.com\/wp-content\/uploads\/gallery\/Autres\/a1\/A1 - cath\u00e9drale\/Polymetric-web-38.jpg\" data-attachment-id=\"1133\" class=\"fg-thumb\"><span class=\"fg-image-wrap\"><img height=\"250\" width=\"141\" data-src-fg=\"http:\/\/menuiseriepolymetric.com\/wp-content\/uploads\/cache\/gallery\/Autres\/a1\/A1 - cath\u00e9drale\/Polymetric-web-38\/-1816954665.jpg\" class=\"fg-image\" \/><\/span><\/a><figcaption class=\"fg-caption\"><div class=\"fg-caption-inner\"><\/div><\/figcaption><\/figure><div class=\"fg-loader\"><\/div><\/div><div class=\"fg-item\"><figure class=\"fg-item-inner\"><a href=\"http:\/\/menuiseriepolymetric.com\/wp-content\/uploads\/gallery\/Autres\/a1\/A1 - cath\u00e9drale\/Polymetric-web-46.jpg\" data-attachment-id=\"1131\" class=\"fg-thumb\"><span class=\"fg-image-wrap\"><img height=\"250\" width=\"444\" data-src-fg=\"http:\/\/menuiseriepolymetric.com\/wp-content\/uploads\/cache\/gallery\/Autres\/a1\/A1 - cath\u00e9drale\/Polymetric-web-46\/623303897.jpg\" class=\"fg-image\" \/><\/span><\/a><figcaption class=\"fg-caption\"><div class=\"fg-caption-inner\"><\/div><\/figcaption><\/figure><div class=\"fg-loader\"><\/div><\/div><div class=\"fg-item\"><figure class=\"fg-item-inner\"><a href=\"http:\/\/menuiseriepolymetric.com\/wp-content\/uploads\/gallery\/Autres\/a1\/A1 - cath\u00e9drale\/Polymetric-web-39.jpg\" data-attachment-id=\"1132\" class=\"fg-thumb\"><span class=\"fg-image-wrap\"><img height=\"250\" width=\"141\" data-src-fg=\"http:\/\/menuiseriepolymetric.com\/wp-content\/uploads\/cache\/gallery\/Autres\/a1\/A1 - cath\u00e9drale\/Polymetric-web-39\/-786524525.jpg\" class=\"fg-image\" \/><\/span><\/a><figcaption class=\"fg-caption\"><div class=\"fg-caption-inner\"><\/div><\/figcaption><\/figure><div class=\"fg-loader\"><\/div><\/div><div class=\"fg-item\"><figure class=\"fg-item-inner\"><a href=\"http:\/\/menuiseriepolymetric.com\/wp-content\/uploads\/gallery\/Autres\/a1\/A1 - cath\u00e9drale\/Polymetric-web-47.jpg\" data-attachment-id=\"1130\" class=\"fg-thumb\"><span class=\"fg-image-wrap\"><img height=\"250\" width=\"444\" data-src-fg=\"http:\/\/menuiseriepolymetric.com\/wp-content\/uploads\/cache\/gallery\/Autres\/a1\/A1 - cath\u00e9drale\/Polymetric-web-47\/1737175709.jpg\" class=\"fg-image\" \/><\/span><\/a><figcaption class=\"fg-caption\"><div class=\"fg-caption-inner\"><\/div><\/figcaption><\/figure><div class=\"fg-loader\"><\/div><\/div><div class=\"fg-item\"><figure class=\"fg-item-inner\"><a href=\"http:\/\/menuiseriepolymetric.com\/wp-content\/uploads\/gallery\/Autres\/a1\/A1 - cath\u00e9drale\/Polymetric-web-37.jpg\" data-attachment-id=\"1134\" class=\"fg-thumb\"><span class=\"fg-image-wrap\"><img height=\"250\" width=\"444\" data-src-fg=\"http:\/\/menuiseriepolymetric.com\/wp-content\/uploads\/cache\/gallery\/Autres\/a1\/A1 - cath\u00e9drale\/Polymetric-web-37\/1449586431.jpg\" class=\"fg-image\" \/><\/span><\/a><figcaption class=\"fg-caption\"><div class=\"fg-caption-inner\"><\/div><\/figcaption><\/figure><div class=\"fg-loader\"><\/div><\/div><\/div>\r\n\n\n\n\n<h5><\/h5>\n\n\n\n<p><strong>Restauration \u00e0 l&rsquo;identique<\/strong><\/p>\n\n\n<div class=\"foogallery foogallery-container foogallery-justified foogallery-lightbox-foobox fg-justified fg-light fg-shadow-outline fg-loading-default fg-loaded-fade-in fg-caption-hover fg-hover-fade fg-hover-zoom fg-ready\" id=\"foogallery-gallery-1272\" data-foogallery=\"{&quot;item&quot;:{&quot;showCaptionTitle&quot;:true,&quot;showCaptionDescription&quot;:true},&quot;lazy&quot;:true,&quot;src&quot;:&quot;data-src-fg&quot;,&quot;srcset&quot;:&quot;data-srcset-fg&quot;,&quot;template&quot;:{&quot;rowHeight&quot;:150,&quot;maxRowHeight&quot;:&quot;200%&quot;,&quot;margins&quot;:1,&quot;lastRow&quot;:&quot;center&quot;}}\" data-fg-common-fields=\"1\" >\r\n\t<div class=\"fg-item\"><figure class=\"fg-item-inner\"><a href=\"http:\/\/menuiseriepolymetric.com\/wp-content\/uploads\/gallery\/Autres\/a1\/test\/Polymetric-web-80.jpg\" data-attachment-id=\"1275\" class=\"fg-thumb\"><span class=\"fg-image-wrap\"><img alt=\"test - Polymetric-web-80\" height=\"250\" width=\"344\" data-src-fg=\"http:\/\/menuiseriepolymetric.com\/wp-content\/uploads\/cache\/gallery\/Autres\/a1\/test\/Polymetric-web-80\/-2090495453.jpg\" class=\"fg-image\" \/><\/span><\/a><figcaption class=\"fg-caption\"><div class=\"fg-caption-inner\"><\/div><\/figcaption><\/figure><div class=\"fg-loader\"><\/div><\/div><div class=\"fg-item\"><figure class=\"fg-item-inner\"><a href=\"http:\/\/menuiseriepolymetric.com\/wp-content\/uploads\/gallery\/Autres\/a1\/test\/Polymetric-web-104.jpg\" data-attachment-id=\"1279\" class=\"fg-thumb\"><span class=\"fg-image-wrap\"><img alt=\"test - Polymetric-web-104\" height=\"250\" width=\"344\" data-src-fg=\"http:\/\/menuiseriepolymetric.com\/wp-content\/uploads\/cache\/gallery\/Autres\/a1\/test\/Polymetric-web-104\/-1256158002.jpg\" class=\"fg-image\" \/><\/span><\/a><figcaption class=\"fg-caption\"><div class=\"fg-caption-inner\"><\/div><\/figcaption><\/figure><div class=\"fg-loader\"><\/div><\/div><div class=\"fg-item\"><figure class=\"fg-item-inner\"><a href=\"http:\/\/menuiseriepolymetric.com\/wp-content\/uploads\/gallery\/Autres\/a1\/test\/Polymetric-web-135.jpg\" data-attachment-id=\"1278\" class=\"fg-thumb\"><span class=\"fg-image-wrap\"><img alt=\"test - Polymetric-web-135\" height=\"250\" width=\"188\" data-src-fg=\"http:\/\/menuiseriepolymetric.com\/wp-content\/uploads\/cache\/gallery\/Autres\/a1\/test\/Polymetric-web-135\/-1750558675.jpg\" class=\"fg-image\" \/><\/span><\/a><figcaption class=\"fg-caption\"><div class=\"fg-caption-inner\"><\/div><\/figcaption><\/figure><div class=\"fg-loader\"><\/div><\/div><div class=\"fg-item\"><figure class=\"fg-item-inner\"><a href=\"http:\/\/menuiseriepolymetric.com\/wp-content\/uploads\/gallery\/Autres\/a1\/test\/Polymetric-web-136.jpg\" data-attachment-id=\"1277\" class=\"fg-thumb\"><span class=\"fg-image-wrap\"><img alt=\"test - Polymetric-web-136\" height=\"250\" width=\"188\" data-src-fg=\"http:\/\/menuiseriepolymetric.com\/wp-content\/uploads\/cache\/gallery\/Autres\/a1\/test\/Polymetric-web-136\/1496650912.jpg\" class=\"fg-image\" \/><\/span><\/a><figcaption class=\"fg-caption\"><div class=\"fg-caption-inner\"><\/div><\/figcaption><\/figure><div class=\"fg-loader\"><\/div><\/div><div class=\"fg-item\"><figure class=\"fg-item-inner\"><a href=\"http:\/\/menuiseriepolymetric.com\/wp-content\/uploads\/gallery\/Autres\/a1\/test\/Polymetric-web-256.jpg\" data-attachment-id=\"1276\" class=\"fg-thumb\"><span class=\"fg-image-wrap\"><img alt=\"test - Polymetric-web-256\" height=\"250\" width=\"444\" data-src-fg=\"http:\/\/menuiseriepolymetric.com\/wp-content\/uploads\/cache\/gallery\/Autres\/a1\/test\/Polymetric-web-256\/381157009.jpg\" class=\"fg-image\" \/><\/span><\/a><figcaption class=\"fg-caption\"><div class=\"fg-caption-inner\"><\/div><\/figcaption><\/figure><div class=\"fg-loader\"><\/div><\/div><\/div>\r\n\n\n\n\n<h5><\/h5>\n\n\n\n<p><strong>R\u00e9alisation de mobilier pour exposition<\/strong><\/p>\n\n\n<div class=\"foogallery foogallery-container foogallery-justified foogallery-lightbox-foobox fg-justified fg-light fg-shadow-outline fg-loading-default fg-loaded-fade-in fg-caption-hover fg-hover-fade fg-hover-zoom fg-ready\" id=\"foogallery-gallery-1280\" data-foogallery=\"{&quot;item&quot;:{&quot;showCaptionTitle&quot;:true,&quot;showCaptionDescription&quot;:true},&quot;lazy&quot;:true,&quot;src&quot;:&quot;data-src-fg&quot;,&quot;srcset&quot;:&quot;data-srcset-fg&quot;,&quot;template&quot;:{&quot;rowHeight&quot;:150,&quot;maxRowHeight&quot;:&quot;200%&quot;,&quot;margins&quot;:1,&quot;lastRow&quot;:&quot;center&quot;}}\" data-fg-common-fields=\"1\" >\r\n\t<div class=\"fg-item\"><figure class=\"fg-item-inner\"><a href=\"http:\/\/menuiseriepolymetric.com\/wp-content\/uploads\/gallery\/Autres\/a1\/A3 - expo\/Polymetric-web-272.jpg\" data-attachment-id=\"1129\" class=\"fg-thumb\"><span class=\"fg-image-wrap\"><img height=\"250\" width=\"344\" data-src-fg=\"http:\/\/menuiseriepolymetric.com\/wp-content\/uploads\/cache\/gallery\/Autres\/a1\/A3 - expo\/Polymetric-web-272\/1963836319.jpg\" class=\"fg-image\" \/><\/span><\/a><figcaption class=\"fg-caption\"><div class=\"fg-caption-inner\"><\/div><\/figcaption><\/figure><div class=\"fg-loader\"><\/div><\/div><\/div>\r\n\n","protected":false},"excerpt":{"rendered":"<p>Am\u00e9nagement d&rsquo;un espace de bien-\u00eatre &#8211; sauna &#8211; jacuzzi Cath\u00e9drale de Li\u00e8ge Restauration \u00e0 l&rsquo;identique R\u00e9alisation de mobilier pour exposition <a href=\"http:\/\/menuiseriepolymetric.com\/?page_id=68\" class=\"more-link\">Continuer la lecture de <span class=\"screen-reader-text\">autres<\/span><\/a><\/p>\n","protected":false},"author":1,"featured_media":0,"parent":0,"menu_order":0,"comment_status":"closed","ping_status":"closed","template":"","meta":{"_monsterinsights_skip_tracking":false,"_monsterinsights_sitenote_active":false,"_monsterinsights_sitenote_note":"","_monsterinsights_sitenote_category":0,"spay_email":""},"_links":{"self":[{"href":"http:\/\/menuiseriepolymetric.com\/index.php?rest_route=\/wp\/v2\/pages\/68"}],"collection":[{"href":"http:\/\/menuiseriepolymetric.com\/index.php?rest_route=\/wp\/v2\/pages"}],"about":[{"href":"http:\/\/menuiseriepolymetric.com\/index.php?rest_route=\/wp\/v2\/types\/page"}],"author":[{"embeddable":true,"href":"http:\/\/menuiseriepolymetric.com\/index.php?rest_route=\/wp\/v2\/users\/1"}],"replies":[{"embeddable":true,"href":"http:\/\/menuiseriepolymetric.com\/index.php?rest_route=%2Fwp%2Fv2%2Fcomments&post=68"}],"version-history":[{"count":4,"href":"http:\/\/menuiseriepolymetric.com\/index.php?rest_route=\/wp\/v2\/pages\/68\/revisions"}],"predecessor-version":[{"id":1282,"href":"http:\/\/menuiseriepolymetric.com\/index.php?rest_route=\/wp\/v2\/pages\/68\/revisions\/1282"}],"wp:attachment":[{"href":"http:\/\/menuiseriepolymetric.com\/index.php?rest_route=%2Fwp%2Fv2%2Fmedia&parent=68"}],"curies":[{"name":"wp","href":"https:\/\/api.w.org\/{rel}","templated":true}]}}