{"id":308,"date":"2017-03-10T11:05:25","date_gmt":"2017-03-10T10:05:25","guid":{"rendered":"http:\/\/menuiseriepolymetric.com\/?page_id=308"},"modified":"2019-10-16T16:18:48","modified_gmt":"2019-10-16T14:18:48","slug":"isolation-amenagement-de-combles","status":"publish","type":"page","link":"https:\/\/menuiseriepolymetric.com\/?page_id=308","title":{"rendered":"isolation &#8211; am\u00e9nagement de combles"},"content":{"rendered":"<h5><strong>Am\u00e9nagement de combles r\u00e9alis\u00e9 en collaboration avec <a href=\"http:\/\/atelieragat.be\/\" target=\"_blank\" rel=\"noopener noreferrer\">Atelier AGAT Architecture<\/a><\/strong><\/h5>\n\n<div class=\"foogallery foogallery-container foogallery-justified foogallery-lightbox-foobox fg-justified fg-light fg-shadow-outline fg-loading-default fg-loaded-fade-in fg-caption-hover fg-hover-fade fg-hover-zoom fg-ready\" id=\"foogallery-gallery-1231\" data-foogallery=\"{&quot;item&quot;:{&quot;showCaptionTitle&quot;:true,&quot;showCaptionDescription&quot;:true},&quot;lazy&quot;:true,&quot;src&quot;:&quot;data-src-fg&quot;,&quot;srcset&quot;:&quot;data-srcset-fg&quot;,&quot;template&quot;:{&quot;rowHeight&quot;:150,&quot;maxRowHeight&quot;:&quot;200%&quot;,&quot;margins&quot;:1,&quot;lastRow&quot;:&quot;center&quot;}}\" data-fg-common-fields=\"1\" >\r\n\t<div class=\"fg-item\"><figure class=\"fg-item-inner\"><a href=\"https:\/\/menuiseriepolymetric.com\/wp-content\/uploads\/gallery\/Isolation et am\u00e9nagement comble\/iac1\/Polymetric-web-128.jpg\" data-attachment-id=\"964\" class=\"fg-thumb\"><span class=\"fg-image-wrap\"><img height=\"250\" width=\"333\" data-src-fg=\"https:\/\/menuiseriepolymetric.com\/wp-content\/uploads\/cache\/gallery\/Isolation et am\u00e9nagement comble\/iac1\/Polymetric-web-128\/1971790712.jpg\" class=\"fg-image\" \/><\/span><\/a><figcaption class=\"fg-caption\"><div class=\"fg-caption-inner\"><\/div><\/figcaption><\/figure><div class=\"fg-loader\"><\/div><\/div><div class=\"fg-item\"><figure class=\"fg-item-inner\"><a href=\"https:\/\/menuiseriepolymetric.com\/wp-content\/uploads\/gallery\/Isolation et am\u00e9nagement comble\/iac1\/Polymetric-web-129.jpg\" data-attachment-id=\"963\" class=\"fg-thumb\"><span class=\"fg-image-wrap\"><img height=\"250\" width=\"333\" data-src-fg=\"https:\/\/menuiseriepolymetric.com\/wp-content\/uploads\/cache\/gallery\/Isolation et am\u00e9nagement comble\/iac1\/Polymetric-web-129\/2134479536.jpg\" class=\"fg-image\" \/><\/span><\/a><figcaption class=\"fg-caption\"><div class=\"fg-caption-inner\"><\/div><\/figcaption><\/figure><div class=\"fg-loader\"><\/div><\/div><div class=\"fg-item\"><figure class=\"fg-item-inner\"><a href=\"https:\/\/menuiseriepolymetric.com\/wp-content\/uploads\/gallery\/Isolation et am\u00e9nagement comble\/iac1\/Polymetric-web-130.jpg\" data-attachment-id=\"962\" class=\"fg-thumb\"><span class=\"fg-image-wrap\"><img height=\"250\" width=\"333\" data-src-fg=\"https:\/\/menuiseriepolymetric.com\/wp-content\/uploads\/cache\/gallery\/Isolation et am\u00e9nagement comble\/iac1\/Polymetric-web-130\/-1797188257.jpg\" class=\"fg-image\" \/><\/span><\/a><figcaption class=\"fg-caption\"><div class=\"fg-caption-inner\"><\/div><\/figcaption><\/figure><div class=\"fg-loader\"><\/div><\/div><div class=\"fg-item\"><figure class=\"fg-item-inner\"><a href=\"https:\/\/menuiseriepolymetric.com\/wp-content\/uploads\/gallery\/Isolation et am\u00e9nagement comble\/iac1\/Polymetric-web-81.jpg\" data-attachment-id=\"961\" class=\"fg-thumb\"><span class=\"fg-image-wrap\"><img height=\"250\" width=\"333\" data-src-fg=\"https:\/\/menuiseriepolymetric.com\/wp-content\/uploads\/cache\/gallery\/Isolation et am\u00e9nagement comble\/iac1\/Polymetric-web-81\/516125529.jpg\" class=\"fg-image\" \/><\/span><\/a><figcaption class=\"fg-caption\"><div class=\"fg-caption-inner\"><\/div><\/figcaption><\/figure><div class=\"fg-loader\"><\/div><\/div><div class=\"fg-item\"><figure class=\"fg-item-inner\"><a href=\"https:\/\/menuiseriepolymetric.com\/wp-content\/uploads\/gallery\/Isolation et am\u00e9nagement comble\/iac1\/Polymetric-web-82.jpg\" data-attachment-id=\"960\" class=\"fg-thumb\"><span class=\"fg-image-wrap\"><img height=\"250\" width=\"333\" data-src-fg=\"https:\/\/menuiseriepolymetric.com\/wp-content\/uploads\/cache\/gallery\/Isolation et am\u00e9nagement comble\/iac1\/Polymetric-web-82\/533717298.jpg\" class=\"fg-image\" \/><\/span><\/a><figcaption class=\"fg-caption\"><div class=\"fg-caption-inner\"><\/div><\/figcaption><\/figure><div class=\"fg-loader\"><\/div><\/div><div class=\"fg-item\"><figure class=\"fg-item-inner\"><a href=\"https:\/\/menuiseriepolymetric.com\/wp-content\/uploads\/gallery\/Isolation et am\u00e9nagement comble\/iac1\/Polymetric-web-83.jpg\" data-attachment-id=\"959\" class=\"fg-thumb\"><span class=\"fg-image-wrap\"><img height=\"250\" width=\"334\" data-src-fg=\"https:\/\/menuiseriepolymetric.com\/wp-content\/uploads\/cache\/gallery\/Isolation et am\u00e9nagement comble\/iac1\/Polymetric-web-83\/77091370.jpg\" class=\"fg-image\" \/><\/span><\/a><figcaption class=\"fg-caption\"><div class=\"fg-caption-inner\"><\/div><\/figcaption><\/figure><div class=\"fg-loader\"><\/div><\/div><div class=\"fg-item\"><figure class=\"fg-item-inner\"><a href=\"https:\/\/menuiseriepolymetric.com\/wp-content\/uploads\/gallery\/Isolation et am\u00e9nagement comble\/iac1\/Polymetric-web-84.jpg\" data-attachment-id=\"958\" class=\"fg-thumb\"><span class=\"fg-image-wrap\"><img height=\"250\" width=\"333\" data-src-fg=\"https:\/\/menuiseriepolymetric.com\/wp-content\/uploads\/cache\/gallery\/Isolation et am\u00e9nagement comble\/iac1\/Polymetric-web-84\/-2116104517.jpg\" class=\"fg-image\" \/><\/span><\/a><figcaption class=\"fg-caption\"><div class=\"fg-caption-inner\"><\/div><\/figcaption><\/figure><div class=\"fg-loader\"><\/div><\/div><div class=\"fg-item\"><figure class=\"fg-item-inner\"><a href=\"https:\/\/menuiseriepolymetric.com\/wp-content\/uploads\/gallery\/Isolation et am\u00e9nagement comble\/iac1\/Polymetric-web-85.jpg\" data-attachment-id=\"957\" class=\"fg-thumb\"><span class=\"fg-image-wrap\"><img height=\"250\" width=\"333\" data-src-fg=\"https:\/\/menuiseriepolymetric.com\/wp-content\/uploads\/cache\/gallery\/Isolation et am\u00e9nagement comble\/iac1\/Polymetric-web-85\/-232352807.jpg\" class=\"fg-image\" \/><\/span><\/a><figcaption class=\"fg-caption\"><div class=\"fg-caption-inner\"><\/div><\/figcaption><\/figure><div class=\"fg-loader\"><\/div><\/div><div class=\"fg-item\"><figure class=\"fg-item-inner\"><a href=\"https:\/\/menuiseriepolymetric.com\/wp-content\/uploads\/gallery\/Isolation et am\u00e9nagement comble\/iac1\/Polymetric-web-86.jpg\" data-attachment-id=\"956\" class=\"fg-thumb\"><span class=\"fg-image-wrap\"><img height=\"250\" width=\"333\" data-src-fg=\"https:\/\/menuiseriepolymetric.com\/wp-content\/uploads\/cache\/gallery\/Isolation et am\u00e9nagement comble\/iac1\/Polymetric-web-86\/-215350862.jpg\" class=\"fg-image\" \/><\/span><\/a><figcaption class=\"fg-caption\"><div class=\"fg-caption-inner\"><\/div><\/figcaption><\/figure><div class=\"fg-loader\"><\/div><\/div><div class=\"fg-item\"><figure class=\"fg-item-inner\"><a href=\"https:\/\/menuiseriepolymetric.com\/wp-content\/uploads\/gallery\/Isolation et am\u00e9nagement comble\/iac1\/Polymetric-web-87.jpg\" data-attachment-id=\"955\" class=\"fg-thumb\"><span class=\"fg-image-wrap\"><img height=\"250\" width=\"333\" data-src-fg=\"https:\/\/menuiseriepolymetric.com\/wp-content\/uploads\/cache\/gallery\/Isolation et am\u00e9nagement comble\/iac1\/Polymetric-web-87\/1953872373.jpg\" class=\"fg-image\" \/><\/span><\/a><figcaption class=\"fg-caption\"><div class=\"fg-caption-inner\"><\/div><\/figcaption><\/figure><div class=\"fg-loader\"><\/div><\/div><div class=\"fg-item\"><figure class=\"fg-item-inner\"><a href=\"https:\/\/menuiseriepolymetric.com\/wp-content\/uploads\/gallery\/Isolation et am\u00e9nagement comble\/iac1\/Polymetric-web-88.jpg\" data-attachment-id=\"954\" class=\"fg-thumb\"><span class=\"fg-image-wrap\"><img height=\"250\" width=\"334\" data-src-fg=\"https:\/\/menuiseriepolymetric.com\/wp-content\/uploads\/cache\/gallery\/Isolation et am\u00e9nagement comble\/iac1\/Polymetric-web-88\/584466129.jpg\" class=\"fg-image\" \/><\/span><\/a><figcaption class=\"fg-caption\"><div class=\"fg-caption-inner\"><\/div><\/figcaption><\/figure><div class=\"fg-loader\"><\/div><\/div><div class=\"fg-item\"><figure class=\"fg-item-inner\"><a href=\"https:\/\/menuiseriepolymetric.com\/wp-content\/uploads\/gallery\/Isolation et am\u00e9nagement comble\/iac1\/Polymetric-web-90.jpg\" data-attachment-id=\"953\" class=\"fg-thumb\"><span class=\"fg-image-wrap\"><img height=\"250\" width=\"334\" data-src-fg=\"https:\/\/menuiseriepolymetric.com\/wp-content\/uploads\/cache\/gallery\/Isolation et am\u00e9nagement comble\/iac1\/Polymetric-web-90\/-31402723.jpg\" class=\"fg-image\" \/><\/span><\/a><figcaption class=\"fg-caption\"><div class=\"fg-caption-inner\"><\/div><\/figcaption><\/figure><div class=\"fg-loader\"><\/div><\/div><div class=\"fg-item\"><figure class=\"fg-item-inner\"><a href=\"https:\/\/menuiseriepolymetric.com\/wp-content\/uploads\/gallery\/Isolation et am\u00e9nagement comble\/iac1\/Polymetric-web-92.jpg\" data-attachment-id=\"952\" class=\"fg-thumb\"><span class=\"fg-image-wrap\"><img height=\"250\" width=\"334\" data-src-fg=\"https:\/\/menuiseriepolymetric.com\/wp-content\/uploads\/cache\/gallery\/Isolation et am\u00e9nagement comble\/iac1\/Polymetric-web-92\/864438248.jpg\" class=\"fg-image\" \/><\/span><\/a><figcaption class=\"fg-caption\"><div class=\"fg-caption-inner\"><\/div><\/figcaption><\/figure><div class=\"fg-loader\"><\/div><\/div><\/div>\r\n\n\n\n\n<p><\/p>\n","protected":false},"excerpt":{"rendered":"<p>Am\u00e9nagement de combles r\u00e9alis\u00e9 en collaboration avec Atelier AGAT Architecture <a href=\"https:\/\/menuiseriepolymetric.com\/?page_id=308\" class=\"more-link\">Continuer la lecture de <span class=\"screen-reader-text\">isolation &#8211; am\u00e9nagement de combles<\/span><\/a><\/p>\n","protected":false},"author":1,"featured_media":0,"parent":0,"menu_order":0,"comment_status":"closed","ping_status":"closed","template":"","meta":{"_monsterinsights_skip_tracking":false,"_monsterinsights_sitenote_active":false,"_monsterinsights_sitenote_note":"","_monsterinsights_sitenote_category":0,"spay_email":""},"_links":{"self":[{"href":"https:\/\/menuiseriepolymetric.com\/index.php?rest_route=\/wp\/v2\/pages\/308"}],"collection":[{"href":"https:\/\/menuiseriepolymetric.com\/index.php?rest_route=\/wp\/v2\/pages"}],"about":[{"href":"https:\/\/menuiseriepolymetric.com\/index.php?rest_route=\/wp\/v2\/types\/page"}],"author":[{"embeddable":true,"href":"https:\/\/menuiseriepolymetric.com\/index.php?rest_route=\/wp\/v2\/users\/1"}],"replies":[{"embeddable":true,"href":"https:\/\/menuiseriepolymetric.com\/index.php?rest_route=%2Fwp%2Fv2%2Fcomments&post=308"}],"version-history":[{"count":3,"href":"https:\/\/menuiseriepolymetric.com\/index.php?rest_route=\/wp\/v2\/pages\/308\/revisions"}],"predecessor-version":[{"id":1234,"href":"https:\/\/menuiseriepolymetric.com\/index.php?rest_route=\/wp\/v2\/pages\/308\/revisions\/1234"}],"wp:attachment":[{"href":"https:\/\/menuiseriepolymetric.com\/index.php?rest_route=%2Fwp%2Fv2%2Fmedia&parent=308"}],"curies":[{"name":"wp","href":"https:\/\/api.w.org\/{rel}","templated":true}]}}