{"id":310,"date":"2017-03-10T11:10:43","date_gmt":"2017-03-10T10:10:43","guid":{"rendered":"http:\/\/menuiseriepolymetric.com\/?page_id=310"},"modified":"2020-01-20T08:46:40","modified_gmt":"2020-01-20T07:46:40","slug":"liens","status":"publish","type":"page","link":"https:\/\/menuiseriepolymetric.com\/?page_id=310","title":{"rendered":"liens"},"content":{"rendered":"\n<p>Retrouvez nous \u00e9galement sur <a href=\"https:\/\/www.instagram.com\/menuiseriepolymetric\/\" target=\"_blank\" rel=\"noreferrer noopener\" aria-label=\"Instagram (s\u2019ouvre dans un nouvel onglet)\">Instagram<\/a> et <a href=\"https:\/\/www.facebook.com\/menuiseriepolymetric\" target=\"_blank\" rel=\"noreferrer noopener\" aria-label=\"Facebook (s\u2019ouvre dans un nouvel onglet)\">Facebook<\/a>.<\/p>\n\n\n<ul>\n<li>Merci \u00e0 <a href=\"https:\/\/gillesdewalque.com\/\">Gilles Dewalque<\/a> pour la conception du logo<\/li>\n<\/ul>\n<p><img loading=\"lazy\" class=\"alignnone  wp-image-165\" src=\"https:\/\/menuiseriepolymetric.files.wordpress.com\/2017\/01\/polymetric_logo_noir.jpg?w=300\" alt=\"POLYMETRIC_LOGO_NOIR_01\" width=\"248\" height=\"67\" srcset=\"https:\/\/menuiseriepolymetric.com\/wp-content\/uploads\/2017\/01\/polymetric_logo_noir.jpg 6172w, https:\/\/menuiseriepolymetric.com\/wp-content\/uploads\/2017\/01\/polymetric_logo_noir-300x81.jpg 300w, https:\/\/menuiseriepolymetric.com\/wp-content\/uploads\/2017\/01\/polymetric_logo_noir-768x208.jpg 768w, https:\/\/menuiseriepolymetric.com\/wp-content\/uploads\/2017\/01\/polymetric_logo_noir-1024x277.jpg 1024w, https:\/\/menuiseriepolymetric.com\/wp-content\/uploads\/2017\/01\/polymetric_logo_noir-1568x424.jpg 1568w\" sizes=\"(max-width: 248px) 100vw, 248px\" \/><\/p>\n<ul>\n<li><a href=\"http:\/\/www.dominiquedenis.be\/\" target=\"_blank\" rel=\"noopener noreferrer\">Dominique Denis<\/a>, architecte paysagiste<\/li>\n<\/ul>\n<p><img loading=\"lazy\" class=\"alignnone size-medium wp-image-1296\" src=\"http:\/\/menuiseriepolymetric.com\/wp-content\/uploads\/2020\/01\/p1030945-300x225.jpeg\" alt=\"\" width=\"300\" height=\"225\" srcset=\"https:\/\/menuiseriepolymetric.com\/wp-content\/uploads\/2020\/01\/p1030945-300x225.jpeg 300w, https:\/\/menuiseriepolymetric.com\/wp-content\/uploads\/2020\/01\/p1030945-192x144.jpeg 192w, https:\/\/menuiseriepolymetric.com\/wp-content\/uploads\/2020\/01\/p1030945.jpeg 320w\" sizes=\"(max-width: 300px) 100vw, 300px\" \/><\/p>\n<ul>\n<li>Merci \u00e0 Rapha\u00ebl Gilles (photographe &#8211; graphiste)<\/li>\n<\/ul>\n<p><img loading=\"lazy\" class=\"alignnone size-medium wp-image-1297\" src=\"http:\/\/menuiseriepolymetric.com\/wp-content\/uploads\/2020\/01\/rosiere_web-23-300x200.jpg\" alt=\"\" width=\"300\" height=\"200\" srcset=\"https:\/\/menuiseriepolymetric.com\/wp-content\/uploads\/2020\/01\/rosiere_web-23-300x200.jpg 300w, https:\/\/menuiseriepolymetric.com\/wp-content\/uploads\/2020\/01\/rosiere_web-23-1024x683.jpg 1024w, https:\/\/menuiseriepolymetric.com\/wp-content\/uploads\/2020\/01\/rosiere_web-23-768x512.jpg 768w, https:\/\/menuiseriepolymetric.com\/wp-content\/uploads\/2020\/01\/rosiere_web-23-1536x1024.jpg 1536w, https:\/\/menuiseriepolymetric.com\/wp-content\/uploads\/2020\/01\/rosiere_web-23-2048x1365.jpg 2048w, https:\/\/menuiseriepolymetric.com\/wp-content\/uploads\/2020\/01\/rosiere_web-23-192x128.jpg 192w\" sizes=\"(max-width: 300px) 100vw, 300px\" \/><\/p>\n<ul>\n<li><span style=\"color: #000000;\"><a href=\"http:\/\/www.ecobati.com\/fr\" target=\"_blank\" rel=\"noopener noreferrer\">Ecobati<\/a><\/span><\/li>\n<\/ul>\n<p><img loading=\"lazy\" class=\"alignnone size-medium wp-image-1298\" src=\"http:\/\/menuiseriepolymetric.com\/wp-content\/uploads\/2020\/01\/ecobati-logo-500px-300x101.jpg\" alt=\"\" width=\"300\" height=\"101\" srcset=\"https:\/\/menuiseriepolymetric.com\/wp-content\/uploads\/2020\/01\/ecobati-logo-500px-300x101.jpg 300w, https:\/\/menuiseriepolymetric.com\/wp-content\/uploads\/2020\/01\/ecobati-logo-500px-192x65.jpg 192w, https:\/\/menuiseriepolymetric.com\/wp-content\/uploads\/2020\/01\/ecobati-logo-500px.jpg 500w\" sizes=\"(max-width: 300px) 100vw, 300px\" \/><\/p>\n<ul>\n<li><span style=\"color: #000000;\"><a href=\"http:\/\/www.ecoconstrhuy.be\/presentation.html\" target=\"_blank\" rel=\"noopener noreferrer\">EcoCconstrHuy<\/a><\/span><\/li>\n<li><span style=\"color: #000000;\"><a href=\"http:\/\/www.sbfarms.be\/\" target=\"_blank\" rel=\"noopener noreferrer\">SB Farms<\/a><\/span><\/li>\n<\/ul>\n<p><img loading=\"lazy\" class=\"alignnone size-medium wp-image-1301\" src=\"http:\/\/menuiseriepolymetric.com\/wp-content\/uploads\/2020\/01\/logo-1-300x43.png\" alt=\"\" width=\"300\" height=\"43\" srcset=\"https:\/\/menuiseriepolymetric.com\/wp-content\/uploads\/2020\/01\/logo-1-300x43.png 300w, https:\/\/menuiseriepolymetric.com\/wp-content\/uploads\/2020\/01\/logo-1-1024x146.png 1024w, https:\/\/menuiseriepolymetric.com\/wp-content\/uploads\/2020\/01\/logo-1-768x109.png 768w, https:\/\/menuiseriepolymetric.com\/wp-content\/uploads\/2020\/01\/logo-1-192x27.png 192w, https:\/\/menuiseriepolymetric.com\/wp-content\/uploads\/2020\/01\/logo-1.png 1123w\" sizes=\"(max-width: 300px) 100vw, 300px\" \/><\/p>\n<ul>\n<li><span style=\"color: #000000;\"><a href=\"http:\/\/atelieragat.be\/\" target=\"_blank\" rel=\"noopener noreferrer\">Atelier AGAT architecture<\/a><\/span><\/li>\n<li><span style=\"color: #000000;\">Joffrey Marquis architecte<\/span><\/li>\n<li><a href=\"http:\/\/www.laprele.net\/laprele\/Accueil.html\"><span style=\"color: #000000;\">P\u00e9pini\u00e8re de la Pr\u00eale<\/span><\/a><\/li>\n<\/ul>","protected":false},"excerpt":{"rendered":"<p>Retrouvez nous \u00e9galement sur Instagram et Facebook. Merci \u00e0 Gilles Dewalque pour la conception du logo Dominique Denis, architecte paysagiste Merci \u00e0 Rapha\u00ebl Gilles (photographe &#8211; graphiste) Ecobati EcoCconstrHuy SB Farms Atelier AGAT architecture Joffrey Marquis architecte P\u00e9pini\u00e8re de la Pr\u00eale <a href=\"https:\/\/menuiseriepolymetric.com\/?page_id=310\" class=\"more-link\">Continuer la lecture de <span class=\"screen-reader-text\">liens<\/span><\/a><\/p>\n","protected":false},"author":1,"featured_media":0,"parent":0,"menu_order":0,"comment_status":"closed","ping_status":"closed","template":"","meta":{"_monsterinsights_skip_tracking":false,"_monsterinsights_sitenote_active":false,"_monsterinsights_sitenote_note":"","_monsterinsights_sitenote_category":0,"spay_email":""},"_links":{"self":[{"href":"https:\/\/menuiseriepolymetric.com\/index.php?rest_route=\/wp\/v2\/pages\/310"}],"collection":[{"href":"https:\/\/menuiseriepolymetric.com\/index.php?rest_route=\/wp\/v2\/pages"}],"about":[{"href":"https:\/\/menuiseriepolymetric.com\/index.php?rest_route=\/wp\/v2\/types\/page"}],"author":[{"embeddable":true,"href":"https:\/\/menuiseriepolymetric.com\/index.php?rest_route=\/wp\/v2\/users\/1"}],"replies":[{"embeddable":true,"href":"https:\/\/menuiseriepolymetric.com\/index.php?rest_route=%2Fwp%2Fv2%2Fcomments&post=310"}],"version-history":[{"count":4,"href":"https:\/\/menuiseriepolymetric.com\/index.php?rest_route=\/wp\/v2\/pages\/310\/revisions"}],"predecessor-version":[{"id":1302,"href":"https:\/\/menuiseriepolymetric.com\/index.php?rest_route=\/wp\/v2\/pages\/310\/revisions\/1302"}],"wp:attachment":[{"href":"https:\/\/menuiseriepolymetric.com\/index.php?rest_route=%2Fwp%2Fv2%2Fmedia&parent=310"}],"curies":[{"name":"wp","href":"https:\/\/api.w.org\/{rel}","templated":true}]}}