{"id":37,"date":"2017-01-18T11:53:30","date_gmt":"2017-01-18T10:53:30","guid":{"rendered":"http:\/\/menuiseriepolymetric.com\/projets\/"},"modified":"2020-01-20T08:54:59","modified_gmt":"2020-01-20T07:54:59","slug":"projets","status":"publish","type":"page","link":"https:\/\/menuiseriepolymetric.com\/?page_id=37","title":{"rendered":"R\u00e9alisations"},"content":{"rendered":"<h5><a href=\"http:\/\/menuiseriepolymetric.com\/?page_id=63\">maisons ossature bois<\/a><\/h5>\n<p><img loading=\"lazy\" class=\"alignnone size-medium wp-image-1307\" src=\"http:\/\/menuiseriepolymetric.com\/wp-content\/uploads\/2020\/01\/darion-5-300x225.jpg\" alt=\"\" width=\"300\" height=\"225\" srcset=\"https:\/\/menuiseriepolymetric.com\/wp-content\/uploads\/2020\/01\/darion-5-300x225.jpg 300w, https:\/\/menuiseriepolymetric.com\/wp-content\/uploads\/2020\/01\/darion-5-1024x768.jpg 1024w, https:\/\/menuiseriepolymetric.com\/wp-content\/uploads\/2020\/01\/darion-5-768x576.jpg 768w, https:\/\/menuiseriepolymetric.com\/wp-content\/uploads\/2020\/01\/darion-5-1536x1152.jpg 1536w, https:\/\/menuiseriepolymetric.com\/wp-content\/uploads\/2020\/01\/darion-5-2048x1536.jpg 2048w, https:\/\/menuiseriepolymetric.com\/wp-content\/uploads\/2020\/01\/darion-5-2000x1500.jpg 2000w, https:\/\/menuiseriepolymetric.com\/wp-content\/uploads\/2020\/01\/darion-5-192x144.jpg 192w\" sizes=\"(max-width: 300px) 100vw, 300px\" \/><\/p>\n<h5><a href=\"http:\/\/menuiseriepolymetric.com\/?page_id=62\">extensions ossature bois<\/a><\/h5>\n<p><img loading=\"lazy\" class=\"alignnone size-medium wp-image-1308\" src=\"http:\/\/menuiseriepolymetric.com\/wp-content\/uploads\/2020\/01\/111228-annexe-vue-de-sainte-rosalie-200x300.jpg\" alt=\"\" width=\"200\" height=\"300\" srcset=\"https:\/\/menuiseriepolymetric.com\/wp-content\/uploads\/2020\/01\/111228-annexe-vue-de-sainte-rosalie-200x300.jpg 200w, https:\/\/menuiseriepolymetric.com\/wp-content\/uploads\/2020\/01\/111228-annexe-vue-de-sainte-rosalie-128x192.jpg 128w, https:\/\/menuiseriepolymetric.com\/wp-content\/uploads\/2020\/01\/111228-annexe-vue-de-sainte-rosalie.jpg 512w\" sizes=\"(max-width: 200px) 100vw, 200px\" \/><\/p>\n<h5><a href=\"http:\/\/menuiseriepolymetric.com\/?page_id=64\">am\u00e9nagements ext\u00e9rieurs &#8211; terrasses<\/a><\/h5>\n<p><img loading=\"lazy\" class=\"alignnone size-medium wp-image-1310\" src=\"http:\/\/menuiseriepolymetric.com\/wp-content\/uploads\/2020\/01\/20170315_160035-300x225.jpg\" alt=\"\" width=\"300\" height=\"225\" srcset=\"https:\/\/menuiseriepolymetric.com\/wp-content\/uploads\/2020\/01\/20170315_160035-300x225.jpg 300w, https:\/\/menuiseriepolymetric.com\/wp-content\/uploads\/2020\/01\/20170315_160035-1024x768.jpg 1024w, https:\/\/menuiseriepolymetric.com\/wp-content\/uploads\/2020\/01\/20170315_160035-768x576.jpg 768w, https:\/\/menuiseriepolymetric.com\/wp-content\/uploads\/2020\/01\/20170315_160035-1536x1152.jpg 1536w, https:\/\/menuiseriepolymetric.com\/wp-content\/uploads\/2020\/01\/20170315_160035-2000x1500.jpg 2000w, https:\/\/menuiseriepolymetric.com\/wp-content\/uploads\/2020\/01\/20170315_160035-192x144.jpg 192w, https:\/\/menuiseriepolymetric.com\/wp-content\/uploads\/2020\/01\/20170315_160035.jpg 2048w\" sizes=\"(max-width: 300px) 100vw, 300px\" \/><\/p>\n<h5><a href=\"http:\/\/menuiseriepolymetric.com\/?page_id=65\">am\u00e9nagements int\u00e9rieurs &#8211; mobilier<\/a><\/h5>\n<p><img loading=\"lazy\" class=\"alignnone size-medium wp-image-1312\" src=\"http:\/\/menuiseriepolymetric.com\/wp-content\/uploads\/2020\/01\/img-20160501-wa0048-1-225x300.jpg\" alt=\"\" width=\"225\" height=\"300\" srcset=\"https:\/\/menuiseriepolymetric.com\/wp-content\/uploads\/2020\/01\/img-20160501-wa0048-1-225x300.jpg 225w, https:\/\/menuiseriepolymetric.com\/wp-content\/uploads\/2020\/01\/img-20160501-wa0048-1-768x1024.jpg 768w, https:\/\/menuiseriepolymetric.com\/wp-content\/uploads\/2020\/01\/img-20160501-wa0048-1-1152x1536.jpg 1152w, https:\/\/menuiseriepolymetric.com\/wp-content\/uploads\/2020\/01\/img-20160501-wa0048-1-144x192.jpg 144w, https:\/\/menuiseriepolymetric.com\/wp-content\/uploads\/2020\/01\/img-20160501-wa0048-1.jpg 1200w\" sizes=\"(max-width: 225px) 100vw, 225px\" \/><\/p>\n<h5><a href=\"http:\/\/menuiseriepolymetric.com\/?page_id=66\">fabrication fen\u00eatres &amp; portes<\/a><\/h5>\n<p><img loading=\"lazy\" class=\"alignnone size-medium wp-image-1313\" src=\"http:\/\/menuiseriepolymetric.com\/wp-content\/uploads\/2020\/01\/149-225x300.jpg\" alt=\"\" width=\"225\" height=\"300\" srcset=\"https:\/\/menuiseriepolymetric.com\/wp-content\/uploads\/2020\/01\/149-225x300.jpg 225w, https:\/\/menuiseriepolymetric.com\/wp-content\/uploads\/2020\/01\/149-768x1024.jpg 768w, https:\/\/menuiseriepolymetric.com\/wp-content\/uploads\/2020\/01\/149-1152x1536.jpg 1152w, https:\/\/menuiseriepolymetric.com\/wp-content\/uploads\/2020\/01\/149-1536x2048.jpg 1536w, https:\/\/menuiseriepolymetric.com\/wp-content\/uploads\/2020\/01\/149-144x192.jpg 144w, https:\/\/menuiseriepolymetric.com\/wp-content\/uploads\/2020\/01\/149-scaled.jpg 1920w\" sizes=\"(max-width: 225px) 100vw, 225px\" \/><\/p>\n<h5><a href=\"http:\/\/menuiseriepolymetric.com\/?page_id=308\">isolation &#8211; am\u00e9nagement de combles<\/a><\/h5>\n<p><img loading=\"lazy\" class=\"alignnone size-medium wp-image-1314\" src=\"http:\/\/menuiseriepolymetric.com\/wp-content\/uploads\/2020\/01\/dsc_0887-large-300x225.jpg\" alt=\"\" width=\"300\" height=\"225\" srcset=\"https:\/\/menuiseriepolymetric.com\/wp-content\/uploads\/2020\/01\/dsc_0887-large-300x225.jpg 300w, https:\/\/menuiseriepolymetric.com\/wp-content\/uploads\/2020\/01\/dsc_0887-large-1024x767.jpg 1024w, https:\/\/menuiseriepolymetric.com\/wp-content\/uploads\/2020\/01\/dsc_0887-large-768x576.jpg 768w, https:\/\/menuiseriepolymetric.com\/wp-content\/uploads\/2020\/01\/dsc_0887-large-192x144.jpg 192w, https:\/\/menuiseriepolymetric.com\/wp-content\/uploads\/2020\/01\/dsc_0887-large.jpg 1441w\" sizes=\"(max-width: 300px) 100vw, 300px\" \/><\/p>\n<h5><a href=\"http:\/\/menuiseriepolymetric.com\/?page_id=68\">autres<\/a><\/h5>\n<p><img loading=\"lazy\" class=\"alignnone size-medium wp-image-1315\" src=\"http:\/\/menuiseriepolymetric.com\/wp-content\/uploads\/2020\/01\/gloriette-waremme-001-300x218.jpg\" alt=\"\" width=\"300\" height=\"218\" srcset=\"https:\/\/menuiseriepolymetric.com\/wp-content\/uploads\/2020\/01\/gloriette-waremme-001-300x218.jpg 300w, https:\/\/menuiseriepolymetric.com\/wp-content\/uploads\/2020\/01\/gloriette-waremme-001-1024x744.jpg 1024w, https:\/\/menuiseriepolymetric.com\/wp-content\/uploads\/2020\/01\/gloriette-waremme-001-768x558.jpg 768w, https:\/\/menuiseriepolymetric.com\/wp-content\/uploads\/2020\/01\/gloriette-waremme-001-1536x1116.jpg 1536w, https:\/\/menuiseriepolymetric.com\/wp-content\/uploads\/2020\/01\/gloriette-waremme-001-192x140.jpg 192w, https:\/\/menuiseriepolymetric.com\/wp-content\/uploads\/2020\/01\/gloriette-waremme-001.jpg 1574w\" sizes=\"(max-width: 300px) 100vw, 300px\" \/><\/p>\n","protected":false},"excerpt":{"rendered":"<p>maisons ossature bois extensions ossature bois am\u00e9nagements ext\u00e9rieurs &#8211; terrasses am\u00e9nagements int\u00e9rieurs &#8211; mobilier fabrication fen\u00eatres &amp; portes isolation &#8211; am\u00e9nagement de combles autres <a href=\"https:\/\/menuiseriepolymetric.com\/?page_id=37\" class=\"more-link\">Continuer la lecture de <span class=\"screen-reader-text\">R\u00e9alisations<\/span><\/a><\/p>\n","protected":false},"author":1,"featured_media":0,"parent":0,"menu_order":0,"comment_status":"closed","ping_status":"closed","template":"","meta":{"_monsterinsights_skip_tracking":false,"_monsterinsights_sitenote_active":false,"_monsterinsights_sitenote_note":"","_monsterinsights_sitenote_category":0,"spay_email":""},"_links":{"self":[{"href":"https:\/\/menuiseriepolymetric.com\/index.php?rest_route=\/wp\/v2\/pages\/37"}],"collection":[{"href":"https:\/\/menuiseriepolymetric.com\/index.php?rest_route=\/wp\/v2\/pages"}],"about":[{"href":"https:\/\/menuiseriepolymetric.com\/index.php?rest_route=\/wp\/v2\/types\/page"}],"author":[{"embeddable":true,"href":"https:\/\/menuiseriepolymetric.com\/index.php?rest_route=\/wp\/v2\/users\/1"}],"replies":[{"embeddable":true,"href":"https:\/\/menuiseriepolymetric.com\/index.php?rest_route=%2Fwp%2Fv2%2Fcomments&post=37"}],"version-history":[{"count":2,"href":"https:\/\/menuiseriepolymetric.com\/index.php?rest_route=\/wp\/v2\/pages\/37\/revisions"}],"predecessor-version":[{"id":1316,"href":"https:\/\/menuiseriepolymetric.com\/index.php?rest_route=\/wp\/v2\/pages\/37\/revisions\/1316"}],"wp:attachment":[{"href":"https:\/\/menuiseriepolymetric.com\/index.php?rest_route=%2Fwp%2Fv2%2Fmedia&parent=37"}],"curies":[{"name":"wp","href":"https:\/\/api.w.org\/{rel}","templated":true}]}}