{"id":6,"date":"2017-01-18T10:39:57","date_gmt":"2017-01-18T09:39:57","guid":{"rendered":"https:\/\/menuiseriepolymetric.wordpress.com\/?page_id=3"},"modified":"2020-01-20T08:49:58","modified_gmt":"2020-01-20T07:49:58","slug":"a-propos","status":"publish","type":"page","link":"https:\/\/menuiseriepolymetric.com\/?page_id=6","title":{"rendered":"\u00e0 propos"},"content":{"rendered":"<h5><strong>Polymetric <\/strong>est une entreprise de menuiserie g\u00e9n\u00e9rale \u00e0 \u00e9chelle familiale qui, forte d\u2019une exp\u00e9rience professionnelle de plus de vingt ans, propose des travaux sur mesure et de qualit\u00e9. Une \u00e9quipe comp\u00e9tente r\u00e9pond \u00e0 vos demandes sp\u00e9cifiques d\u2019am\u00e9nagement et de construction en bois. Les solutions envisag\u00e9es en concertation sont r\u00e9alis\u00e9es de A \u00e0 Z, de mani\u00e8re polyvalente, privil\u00e9giant toujours l\u2019approche \u00e9cologique, durable et locale.<\/h5>\n<p><img loading=\"lazy\" class=\"alignnone size-medium wp-image-1176\" src=\"http:\/\/menuiseriepolymetric.com\/wp-content\/uploads\/gallery\/Am\u00e9nagements ext\u00e9rieurs - terrasses\/AET1 - sauna\/Polymetric-web-231-300x200.jpg\" alt=\"\" width=\"300\" height=\"200\" srcset=\"https:\/\/menuiseriepolymetric.com\/wp-content\/uploads\/gallery\/Am\u00e9nagements%20ext\u00e9rieurs%20-%20terrasses\/AET1%20-%20sauna\/Polymetric-web-231-300x200.jpg 300w, https:\/\/menuiseriepolymetric.com\/wp-content\/uploads\/gallery\/Am\u00e9nagements%20ext\u00e9rieurs%20-%20terrasses\/AET1%20-%20sauna\/Polymetric-web-231-768x512.jpg 768w, https:\/\/menuiseriepolymetric.com\/wp-content\/uploads\/gallery\/Am\u00e9nagements%20ext\u00e9rieurs%20-%20terrasses\/AET1%20-%20sauna\/Polymetric-web-231-1024x683.jpg 1024w, https:\/\/menuiseriepolymetric.com\/wp-content\/uploads\/gallery\/Am\u00e9nagements%20ext\u00e9rieurs%20-%20terrasses\/AET1%20-%20sauna\/Polymetric-web-231-192x128.jpg 192w\" sizes=\"(max-width: 300px) 100vw, 300px\" \/><\/p>\n<h5><em><strong>Le bois, un mat\u00e9riau peu \u00e9nergivore : <\/strong>L&rsquo;exploitation du bois est nettement moins polluante que l&rsquo;extraction des autres mat\u00e9riaux bruts. Si l&rsquo;on veut comparer et analyser le cycle de vie d&rsquo;un mat\u00e9riau, il faut tenir compte de diff\u00e9rents crit\u00e8res en rapport avec l&rsquo;environnement, la fabrication du produit, son utilisation et sa destruction finale. Le tableau ci-dessous pr\u00e9sente la quantit\u00e9 d&rsquo;\u00e9nergie n\u00e9cessaire pour la production d&rsquo;un m\u00e8tre cube de divers mat\u00e9riaux :<\/em><\/h5>\n<p><img loading=\"lazy\" class=\"alignnone size-medium wp-image-1305\" src=\"http:\/\/menuiseriepolymetric.com\/wp-content\/uploads\/2020\/01\/cout-energetique-001-157x300.jpg\" alt=\"\" width=\"157\" height=\"300\" srcset=\"https:\/\/menuiseriepolymetric.com\/wp-content\/uploads\/2020\/01\/cout-energetique-001-157x300.jpg 157w, https:\/\/menuiseriepolymetric.com\/wp-content\/uploads\/2020\/01\/cout-energetique-001-536x1024.jpg 536w, https:\/\/menuiseriepolymetric.com\/wp-content\/uploads\/2020\/01\/cout-energetique-001-100x192.jpg 100w, https:\/\/menuiseriepolymetric.com\/wp-content\/uploads\/2020\/01\/cout-energetique-001.jpg 609w\" sizes=\"(max-width: 157px) 100vw, 157px\" \/><\/p>\n","protected":false},"excerpt":{"rendered":"<p>Ceci est un petit extrait destin\u00e9 \u00e0 la &nbsp;page \u00ab \u00c0 propos \u00bb. <a href=\"https:\/\/menuiseriepolymetric.com\/?page_id=6\" class=\"more-link\">Continuer la lecture de <span class=\"screen-reader-text\">\u00e0 propos<\/span><\/a><\/p>\n","protected":false},"author":1,"featured_media":0,"parent":0,"menu_order":1,"comment_status":"closed","ping_status":"closed","template":"","meta":{"_monsterinsights_skip_tracking":false,"_monsterinsights_sitenote_active":false,"_monsterinsights_sitenote_note":"","_monsterinsights_sitenote_category":0,"spay_email":""},"_links":{"self":[{"href":"https:\/\/menuiseriepolymetric.com\/index.php?rest_route=\/wp\/v2\/pages\/6"}],"collection":[{"href":"https:\/\/menuiseriepolymetric.com\/index.php?rest_route=\/wp\/v2\/pages"}],"about":[{"href":"https:\/\/menuiseriepolymetric.com\/index.php?rest_route=\/wp\/v2\/types\/page"}],"author":[{"embeddable":true,"href":"https:\/\/menuiseriepolymetric.com\/index.php?rest_route=\/wp\/v2\/users\/1"}],"replies":[{"embeddable":true,"href":"https:\/\/menuiseriepolymetric.com\/index.php?rest_route=%2Fwp%2Fv2%2Fcomments&post=6"}],"version-history":[{"count":3,"href":"https:\/\/menuiseriepolymetric.com\/index.php?rest_route=\/wp\/v2\/pages\/6\/revisions"}],"predecessor-version":[{"id":1322,"href":"https:\/\/menuiseriepolymetric.com\/index.php?rest_route=\/wp\/v2\/pages\/6\/revisions\/1322"}],"wp:attachment":[{"href":"https:\/\/menuiseriepolymetric.com\/index.php?rest_route=%2Fwp%2Fv2%2Fmedia&parent=6"}],"curies":[{"name":"wp","href":"https:\/\/api.w.org\/{rel}","templated":true}]}}